{"id":1037,"date":"2019-06-28T11:55:37","date_gmt":"2019-06-28T09:55:37","guid":{"rendered":"http:\/\/sgesoft.com\/tres60\/?page_id=1037"},"modified":"2019-07-03T08:19:25","modified_gmt":"2019-07-03T06:19:25","slug":"crm","status":"publish","type":"page","link":"http:\/\/sgesoft.com\/tres60\/index.php\/crm\/","title":{"rendered":"CRM"},"content":{"rendered":"<p>[vc_row row_height=&#8221;forced_row&#8221; bk_element=&#8221;image&#8221; bg_image_repeat=&#8221;stamp_cover&#8221; bg_image=&#8221;1027&#8243; margin_bottom=&#8221;-50px&#8221;][vc_column width=&#8221;1\/3&#8243;][vc_column_text css=&#8221;.vc_custom_1560837447724{margin-top: 30px !important;}&#8221;]<\/p>\n<h1><span style=\"color: #000000;\">CRM<\/span><\/h1>\n<h3><\/h3>\n<p>[\/vc_column_text][vc_column_text css=&#8221;.vc_custom_1560837459006{margin-top: 20px !important;margin-bottom: 25px !important;}&#8221;]<\/p>\n<h3><span style=\"color: #000000;\">Software CRM, programa para la gesti\u00f3n comercial<\/span><\/h3>\n<p>[\/vc_column_text][vc_column_text css=&#8221;.vc_custom_1560837470854{margin-top: 20px !important;margin-bottom: 25px !important;}&#8221;]<span style=\"color: #000000;\">Descubre el potencial de <strong>CRM 360<\/strong>. La <strong>integraci\u00f3n<\/strong> total con el m\u00f3dulo de facturaci\u00f3n y almac\u00e9n, permite llevar a un nuevo nivel las<strong> gestiones comerciales<\/strong>.<\/span>[\/vc_column_text]<div class=\"\"><a href=\"http:\/\/sgesoft.com\/tres60\/index.php\/contacto\/\" target=\"_self\" class=\"fade_anchor\">Cont\u00e1ctanos<\/a><\/div>[\/vc_column][vc_column width=&#8221;2\/3&#8243;][\/vc_column][\/vc_row][vc_row bk_type=&#8221;boxed_look&#8221;][vc_column width=&#8221;1\/2&#8243;]<div class=\"stamp_spacer clearfix\" style=\"height:30px;\"><\/div>[vc_single_image image=&#8221;1292&#8243; img_size=&#8221;full&#8221; alignment=&#8221;center&#8221;][\/vc_column][vc_column width=&#8221;1\/2&#8243;][vc_column_text css=&#8221;.vc_custom_1560837968233{margin-top: 30px !important;}&#8221;]<\/p>\n<h1><span style=\"color: #000000;\">Clientes y contactos<\/span><\/h1>\n<p>[\/vc_column_text][vc_column_text css=&#8221;.vc_custom_1560838412113{margin-top: 25px !important;margin-bottom: 20px !important;}&#8221;]Realiza el seguimiento al detalle de tus clientes y contactos. Clasif\u00edcalos con las opciones de segmentaci\u00f3n para obtener informes y lanzar campa\u00f1as segmentadas.[\/vc_column_text][vc_column_text css=&#8221;.vc_custom_1560838570820{margin-top: 25px !important;}&#8221;]<\/p>\n<h4><span style=\"color: #000000;\">Clientes<\/span><\/h4>\n<p>Gestiona de manera muy sencilla tu base de clientes. Podr\u00e1s ver f\u00e1cilmente las acciones realizadas, pr\u00f3ximas tareas, presupuestos y pedidos en curso, res\u00famenes de facturaci\u00f3n, comparativas con a\u00f1os anteriores, productos que compra el cliente, etc.[\/vc_column_text][vc_column_text css=&#8221;.vc_custom_1560838657269{margin-top: 25px !important;}&#8221;]<\/p>\n<h4><span style=\"color: #000000;\">Contactos<\/span><\/h4>\n<p>Guarda toda tu lista de contactos en el sistema. Tanto contactos relacionados con tus clientes, como contactos que a\u00fan no son clientes, pero quieres registrar las acciones que realices con ellos. Adem\u00e1s, podr\u00e1s segmentarlos para lanzar campa\u00f1as y mailings.[\/vc_column_text][vc_column_text css=&#8221;.vc_custom_1560838787987{margin-top: 25px !important;}&#8221;]<\/p>\n<h4><span style=\"color: #000000;\">Segmentaciones<\/span><\/h4>\n<p>Clasifica tus clientes por zonas, actividades, por or\u00edgenes de contacto, por rutas &#8230; Una buena segmentaci\u00f3n te permitir\u00eda lanzar campa\u00f1as dirigidas al p\u00fablico objetivo y visualizar m\u00faltiples informes.[\/vc_column_text]<div class=\"stamp_spacer clearfix\" style=\"height:10px;\"><\/div>[\/vc_column][\/vc_row][vc_row bk_type=&#8221;boxed_look&#8221; row_height=&#8221;forced_row&#8221; bk_element=&#8221;image&#8221; bg_image_repeat=&#8221;stamp_cover_bottom&#8221; bg_image=&#8221;948&#8243; margin_bottom=&#8221;-50px&#8221;][vc_column width=&#8221;1\/2&#8243;][vc_column_text css=&#8221;.vc_custom_1560838007698{margin-top: 30px !important;}&#8221;]<\/p>\n<h1><span style=\"color: #ffffff;\">Tareas<\/span><\/h1>\n<p>[\/vc_column_text][vc_column_text css=&#8221;.vc_custom_1560843248094{margin-top: 25px !important;margin-bottom: 20px !important;}&#8221;]<span style=\"color: #ffffff;\">Lleva al d\u00eda todas tus gestiones, planifica y consulta tus tareas y las de tus\u00a0realizadas por tus compa\u00f1eros<\/span>[\/vc_column_text][vc_column_text css=&#8221;.vc_custom_1560843482320{margin-top: 25px !important;}&#8221;]<\/p>\n<h4><span style=\"color: #ffffff;\">Reuniones<\/span><\/h4>\n<p><span style=\"color: #ffffff;\"><span style=\"color: #99ccff;\">Planifica las reuniones y env\u00eda la gesti\u00f3n a los asistentes para que se lo incluyan en su planificaci\u00f3n. Anota el resultado, las conclusiones y tareas a realizar relacionadas.<\/span><\/span>[\/vc_column_text][vc_column_text css=&#8221;.vc_custom_1560843552521{margin-top: 25px !important;}&#8221;]<\/p>\n<h4><span style=\"color: #ffffff;\">Llamadas<\/span><\/h4>\n<p><span style=\"color: #ffffff;\"><span style=\"color: #99ccff;\">Registra las llamadas emitidas a tus clientes y las recibidas, con el objetivo inicial y el resultado o conclusi\u00f3n obtenido. Podr\u00e1s adem\u00e1s generar las siguientes acciones a realizar como consecuencia del resultado de la llamada.<\/span><\/span>[\/vc_column_text][vc_column_text css=&#8221;.vc_custom_1560843651802{margin-top: 25px !important;}&#8221;]<\/p>\n<h4><span style=\"color: #ffffff;\">Visitas<\/span><\/h4>\n<p><span style=\"color: #ffffff;\"><span style=\"color: #99ccff;\">Prepara las visitas comerciales desde tu plan de trabajo, con el objetivo y notas a tener en cuenta. Consulta los datos del cliente para conocer su\u00a0situaci\u00f3n actual al detalle, y realiza la visita con toda la informaci\u00f3n en tu poder. Una vez realizada, registra el resultado y pr\u00f3ximas tareas a realizar.<\/span><\/span>[\/vc_column_text][vc_column_text css=&#8221;.vc_custom_1560843761046{margin-top: 25px !important;}&#8221;]<\/p>\n<h4><span style=\"color: #ffffff;\">Otras tareas<\/span><\/h4>\n<p><span style=\"color: #ffffff;\"><span style=\"color: #99ccff;\">Puedes crear cualquier tipo de tarea en tu plan de trabajo. Gestiones internas, env\u00edos de email, mailings, etc. En todas podr\u00e1s registrar el objetivo y resultado obtenido, y generar pr\u00f3ximas acciones en base a la tarea completada.<\/span><\/span>[\/vc_column_text]<div class=\"stamp_spacer clearfix\" style=\"height:100px;\"><\/div>[\/vc_column][vc_column width=&#8221;1\/2&#8243;]<div class=\"stamp_spacer clearfix\" style=\"height:120px;\"><\/div>[vc_single_image image=&#8221;1283&#8243; img_size=&#8221;full&#8221; alignment=&#8221;center&#8221;][\/vc_column][\/vc_row][vc_row bk_type=&#8221;boxed_look&#8221; row_height=&#8221;forced_row&#8221; bk_element=&#8221;image&#8221; bg_image_repeat=&#8221;stamp_cover_bottom&#8221; margin_bottom=&#8221;-60px&#8221;][vc_column width=&#8221;1\/2&#8243;][vc_column_text css=&#8221;.vc_custom_1562133821888{margin-top: 30px !important;}&#8221;]<\/p>\n<h1><span style=\"color: #000000;\">Centro de informaci\u00f3n<\/span><\/h1>\n<p>[\/vc_column_text][vc_column_text css=&#8221;.vc_custom_1560845601584{margin-top: 25px !important;margin-bottom: 20px !important;}&#8221;]Un resumen con toda la informaci\u00f3n que necesitas conocer sobre la situaci\u00f3n de los trabajos en curso del cliente, y la evoluci\u00f3n respecto al a\u00f1o anterior.[\/vc_column_text][vc_column_text css=&#8221;.vc_custom_1562133828076{margin-top: 25px !important;}&#8221;]<\/p>\n<h4><span style=\"color: #000000;\">Gestiones en curso<\/span><\/h4>\n<p>Consulta los presupuestos en curso, pedidos pendientes de entregar y albaranes de salida pendientes de facturar. Con un clic podr\u00e1s ver el detalle de cada documento.<\/p>\n<p>Tambi\u00e9n visualizar\u00e1s las \u00faltimas gestiones comerciales realizadas, llamadas, visitas, etc.[\/vc_column_text][vc_column_text css=&#8221;.vc_custom_1562133834983{margin-top: 25px !important;}&#8221;]<\/p>\n<h4><span style=\"color: #000000;\">Evoluci\u00f3n de ventas y productos<\/span><\/h4>\n<p>Obt\u00e9n un amplio resumen de los productos que nos compra el cliente, y la comparativa con el a\u00f1o anterior, tanto de los productos que nos est\u00e1 comprando como los que nos ha dejado de comprar.[\/vc_column_text][vc_column_text css=&#8221;.vc_custom_1562133842353{margin-top: 25px !important;}&#8221;]<\/p>\n<h4><span style=\"color: #000000;\">Situaci\u00f3n de cobros y riesgo<\/span><\/h4>\n<p>Visualiza la situaci\u00f3n de cobros actual, pr\u00f3ximos vencimientos y cobros pendientes atrasados. Tambi\u00e9n podr\u00e1s consultar si el cliente ha realizado devoluciones en alguna ocasi\u00f3n.<\/p>\n<p>Consulta el importe actual en riesgo asumido, con opci\u00f3n de ver el detalle de los documentos que componen el importe en riesgo.[\/vc_column_text]<div class=\"stamp_spacer clearfix\" style=\"height:100px;\"><\/div>[\/vc_column][vc_column width=&#8221;1\/2&#8243;]<div class=\"stamp_spacer clearfix\" style=\"height:120px;\"><\/div>[vc_single_image image=&#8221;1212&#8243; img_size=&#8221;full&#8221; alignment=&#8221;center&#8221;][\/vc_column][\/vc_row][vc_row bk_type=&#8221;boxed_look&#8221; row_height=&#8221;forced_row&#8221; bk_element=&#8221;image&#8221; bg_image_repeat=&#8221;stamp_cover_bottom&#8221; margin_bottom=&#8221;-60px&#8221;][vc_column width=&#8221;1\/2&#8243;]<div class=\"stamp_spacer clearfix\" style=\"height:120px;\"><\/div>[vc_single_image image=&#8221;1287&#8243; img_size=&#8221;full&#8221; alignment=&#8221;center&#8221;][\/vc_column][vc_column width=&#8221;1\/2&#8243;][vc_column_text css=&#8221;.vc_custom_1562133867248{margin-top: 30px !important;}&#8221;]<\/p>\n<h1><span style=\"color: #000000;\">Documentos<\/span><\/h1>\n<p>[\/vc_column_text][vc_column_text css=&#8221;.vc_custom_1560843832439{margin-top: 25px !important;margin-bottom: 20px !important;}&#8221;]El aut\u00e9ntico potencial del CRM 360: La integraci\u00f3n absoluta con los documentos de venta y compra del software de Gesti\u00f3n 360.[\/vc_column_text][vc_column_text css=&#8221;.vc_custom_1562133873718{margin-top: 25px !important;}&#8221;]<\/p>\n<h4><span style=\"color: #000000;\">Presupuestos<\/span><\/h4>\n<p>Realiza la toma de requisitos en tu gesti\u00f3n del CRM y genera desde la propia gesti\u00f3n el presupuesto. Esta gesti\u00f3n quedar\u00e1 autom\u00e1ticamente asociada al presupuesto, y podr\u00e1s consultarla en todo momento.<\/p>\n<p>Una vez enviado el presupuesto, planif\u00edcate una llamada para confirmar la recepci\u00f3n del presupuesto y obtener un primer feedback. Registra todas las gestiones que realices desde el propio presupuesto, y tendr\u00e1s toda la informaci\u00f3n de la venta en un solo lugar.[\/vc_column_text][vc_column_text css=&#8221;.vc_custom_1562133880569{margin-top: 25px !important;}&#8221;]<\/p>\n<h4><span style=\"color: #000000;\">Pedidos<\/span><\/h4>\n<p>\u00bfAcabas de realizar una venta? Realiza un detallado seguimiento planific\u00e1ndote llamadas o emails de seguimiento. Gestiona las incidencias que\u00a0surjan, o consulta las gestiones que otros usuarios han realizado sobre el pedido.[\/vc_column_text][vc_column_text css=&#8221;.vc_custom_1562133886578{margin-top: 25px !important;}&#8221;]<\/p>\n<h4><span style=\"color: #000000;\">Tomas de contacto<\/span><\/h4>\n<p>\u00bfNuevo lead? Registra sus datos de contacto y realiza una primera toma de contacto. Desde esta tarea, el sistema registrar\u00e1 cu\u00e1ntas llamadas o emails necesitas para conseguir contactar con el lead, la informaci\u00f3n inicial que obtienes, hasta la elaboraci\u00f3n del presupuesto o pedido.[\/vc_column_text]<div class=\"stamp_spacer clearfix\" style=\"height:100px;\"><\/div>[\/vc_column][\/vc_row][vc_row bk_type=&#8221;boxed_look&#8221; margin_bottom=&#8221;-60px&#8221;][vc_column width=&#8221;1\/2&#8243;]<div class=\"stamp_spacer clearfix\" style=\"height:45px;\"><\/div>[vc_single_image image=&#8221;1290&#8243; img_size=&#8221;full&#8221; alignment=&#8221;center&#8221;][\/vc_column][vc_column width=&#8221;1\/2&#8243;][vc_column_text css=&#8221;.vc_custom_1560838114565{margin-top: 30px !important;}&#8221;]<\/p>\n<h1><span style=\"color: #000000;\">Expedientes<\/span><\/h1>\n<p>[\/vc_column_text][vc_column_text css=&#8221;.vc_custom_1560844608460{margin-top: 25px !important;}&#8221;]<\/p>\n<h4><span style=\"color: #000000;\">Eventos<\/span><\/h4>\n<p>Crea expedientes de tus eventos para registrar todas las gestiones tanto de preparaci\u00f3n, las tareas propias del evento como las acciones surgidas a ra\u00edz del evento realizado.<\/p>\n<p>Tambi\u00e9n podr\u00e1s registrar las notas de gasto (viajes, dietas, etc.), trabajadores asignados, presupuestos y pedidos obtenidos gracias al evento&#8230; y as\u00ed poder evaluar el resultado.[\/vc_column_text][vc_column_text css=&#8221;.vc_custom_1560844664349{margin-top: 25px !important;}&#8221;]<\/p>\n<h4><span style=\"color: #000000;\">Campa\u00f1as<\/span><\/h4>\n<p>Genera campa\u00f1as con acciones a realizar, tanto las tareas de preparaci\u00f3n de la campa\u00f1a, de uno o varios trabajadores, la consecuci\u00f3n de la campa\u00f1a y los resultados de la misma.[\/vc_column_text]<div class=\"stamp_spacer clearfix\" style=\"height:10px;\"><\/div>[\/vc_column][\/vc_row][vc_row bk_type=&#8221;boxed_look&#8221; margin_bottom=&#8221;-60px&#8221;][vc_column width=&#8221;1\/2&#8243;]<div class=\"stamp_spacer clearfix\" style=\"height:45px;\"><\/div>[vc_single_image image=&#8221;1294&#8243; img_size=&#8221;full&#8221; alignment=&#8221;center&#8221;][\/vc_column][vc_column width=&#8221;1\/2&#8243;][vc_column_text css=&#8221;.vc_custom_1560846211692{margin-top: 30px !important;}&#8221;]<\/p>\n<h1><span style=\"color: #000000;\">Gesti\u00f3n documental<\/span><\/h1>\n<p>[\/vc_column_text][vc_column_text css=&#8221;.vc_custom_1560846393818{margin-top: 25px !important;}&#8221;]<\/p>\n<h4><span style=\"color: #000000;\">E-mails<\/span><\/h4>\n<p>Adjunta los emails recibidos de tu cliente o potencial cliente, directamente a la tarea o documento.<\/p>\n<p>Al adjuntar el archivo, se realiza una copia que se guarda en el servidor, guardando tanto el email como los archivos incluidos en el propio mail.\u00a0Lo tendr\u00e1s\u00a0siempre disponible para consultar en cualquier momento desde cualquier usuario que tenga acceso al documento.[\/vc_column_text][vc_column_text css=&#8221;.vc_custom_1560846480231{margin-top: 25px !important;}&#8221;]<\/p>\n<h4><span style=\"color: #000000;\">Adjunta cualquier tipo de\u00a0archivo<\/span><\/h4>\n<p>Puedes adjuntar a tus tareas y documentos cualquier tipo de archivo, quedar\u00e1 almacenado y siempre accesible. Olv\u00eddate de crear cientos de carpetas en tu pc o en tu servidor.[\/vc_column_text]<div class=\"stamp_spacer clearfix\" style=\"height:10px;\"><\/div>[\/vc_column][\/vc_row][vc_row bk_type=&#8221;boxed_look&#8221; row_height=&#8221;forced_row&#8221; bk_element=&#8221;image&#8221; bg_image=&#8221;915&#8243;][vc_column width=&#8221;1\/2&#8243;][vc_column_text css=&#8221;.vc_custom_1560838151768{margin-top: 80px !important;}&#8221;]<\/p>\n<h1><span style=\"color: #000000;\">Gesti\u00f3n de equipos<\/span><\/h1>\n<p>[\/vc_column_text][vc_column_text css=&#8221;.vc_custom_1560844724076{margin-top: 30px !important;}&#8221;]Realiza un amplio seguimiento de todas la tareas en curso de tu equipo. Resultados de las acciones, pr\u00f3ximas tareas planificadas, cantidad de gestiones por comercial &#8230;[\/vc_column_text][vc_column_text css=&#8221;.vc_custom_1560844877346{margin-top: 25px !important;}&#8221;]<\/p>\n<h4><span style=\"color: #000000;\">Planificaci\u00f3n y seguimiento<\/span><\/h4>\n<p>Consulta la planificaci\u00f3n de cada comercial o trabajador de tu equipo, y traspasa tareas, mueve fechas, o consulta los resultados de cada gesti\u00f3n.<\/p>\n<p>Adem\u00e1s, puedes a\u00f1adir notas y marcar como revisadas las tareas.[\/vc_column_text][vc_column_text css=&#8221;.vc_custom_1560844943081{margin-top: 25px !important;}&#8221;]<\/p>\n<h4><span style=\"color: #000000;\">Informes de gestiones<\/span><\/h4>\n<p><span style=\"caret-color: #000000;\">Lanza informes por cliente, por comercial, por tipo de gesti\u00f3n, por fechas, etc. Toda la informaci\u00f3n en un mismo lugar, y en un solo clic.<\/span>[\/vc_column_text][vc_column_text css=&#8221;.vc_custom_1560845049572{margin-top: 25px !important;}&#8221;]<\/p>\n<h4><span style=\"color: #000000;\">Visibilidad<\/span><\/h4>\n<p>Configura a cada comercial si deseas que pueda visualizar todos los clientes o solo su cartera de clientes. Tambi\u00e9n puedes crear equipos de trabajo por niveles en los que el superior puede consultar las tareas de su equipo, pero cada componente solo las suyas propias y las de niveles inferiores.[\/vc_column_text]<div class=\"stamp_spacer clearfix\" style=\"height:10px;\"><\/div>[\/vc_column][vc_column width=&#8221;1\/2&#8243;]<div class=\"stamp_spacer clearfix\" style=\"height:95px;\"><\/div>[vc_single_image image=&#8221;1296&#8243; img_size=&#8221;full&#8221; alignment=&#8221;center&#8221;][\/vc_column][\/vc_row][vc_row bk_type=&#8221;boxed_look&#8221;][vc_column width=&#8221;1\/2&#8243;]<div class=\"stamp_spacer clearfix\" style=\"height:45px;\"><\/div>[vc_single_image image=&#8221;1298&#8243; img_size=&#8221;full&#8221; alignment=&#8221;center&#8221;][\/vc_column][vc_column width=&#8221;1\/2&#8243;][vc_column_text css=&#8221;.vc_custom_1560838193675{margin-top: 30px !important;}&#8221;]<\/p>\n<h1><span style=\"color: #000000;\">Comunicaci\u00f3n interna<\/span><\/h1>\n<p>[\/vc_column_text][vc_column_text css=&#8221;.vc_custom_1560845251973{margin-top: 25px !important;}&#8221;]<\/p>\n<h4><span style=\"color: #000000;\">Mensajer\u00eda interna<\/span><\/h4>\n<p>Env\u00eda mensajes internos de forma independiente o desde cualquier documento, y quedar\u00e1 el mensaje y sus correspondientes respuestas anexas al documento.<\/p>\n<p>Puedes enviar estos mensajes a un usuario, o grupos de usuarios.[\/vc_column_text][vc_column_text css=&#8221;.vc_custom_1560845322534{margin-top: 25px !important;}&#8221;]<\/p>\n<h4><span style=\"color: #000000;\">Env\u00edo de documentos<\/span><\/h4>\n<p>Adjunta a tus mensajes internos cualquier tipo de documento que desees, y agr\u00e9gale el asunto y texto. El receptor podr\u00e1 ver el archivo y responder, reenviar el comunicado o incluso incluir m\u00e1s informaci\u00f3n.[\/vc_column_text]<div class=\"stamp_spacer clearfix\" style=\"height:10px;\"><\/div>[\/vc_column][\/vc_row][vc_row][vc_column width=&#8221;1\/1&#8243;][vc_column_text]<\/p>\n<p style=\"text-align: center; font-size: 25pt;\"><span style=\"color: #000000;\">A tu medida<\/span><\/p>\n<p>[\/vc_column_text][\/vc_column][\/vc_row][vc_row][vc_column width=&#8221;1\/3&#8243;]<div class=\"prk_service prk_service_center\" data-color=\"default\" data-default=\"default\"><div class=\"fa fa-cloud colored_link_icon small_headings_color\"><\/div><div class=\"clearfix\"><\/div><div class=\"prk_service_ctt\"><h4 class=\"big zero_color bd_headings_text_shadow header_font\">\u00bfD\u00f3nde lo quieres?<\/h4><div class=\"clearfix\"><\/div><div class=\"stamp_service_desc wpb_text_column\">\u00bfEn nube o en tu propio servidor? T\u00fa eliges.<\/div><\/div><\/div>[\/vc_column][vc_column width=&#8221;1\/3&#8243;]<div class=\"prk_service prk_service_center\" data-color=\"default\" data-default=\"default\"><div class=\"fa fa-desktop colored_link_icon small_headings_color\"><\/div><div class=\"clearfix\"><\/div><div class=\"prk_service_ctt\"><h4 class=\"big zero_color bd_headings_text_shadow header_font\">Infinitas funcionalidades<\/h4><div class=\"clearfix\"><\/div><div class=\"stamp_service_desc wpb_text_column\">Dispones de un amplio cat\u00e1logo de funcionalidades que puedes a\u00f1adir al software en cualquier momento.<\/div><\/div><\/div>[\/vc_column][vc_column width=&#8221;1\/3&#8243;]<div class=\"prk_service prk_service_center\" data-color=\"default\" data-default=\"default\"><div class=\"fa fa-code colored_link_icon small_headings_color\"><\/div><div class=\"clearfix\"><\/div><div class=\"prk_service_ctt\"><h4 class=\"big zero_color bd_headings_text_shadow header_font\">A tu medida<\/h4><div class=\"clearfix\"><\/div><div class=\"stamp_service_desc wpb_text_column\">\u00bfNecesitas una adaptaci\u00f3n a medida para ti? No te ponemos l\u00edmites. Haz evolucionar tu gesti\u00f3n.<\/div><\/div><\/div>[\/vc_column][\/vc_row][vc_row][vc_column width=&#8221;1\/1&#8243;][vc_column_text css=&#8221;.vc_custom_1562090993376{margin-bottom: 30px !important;}&#8221;]<\/p>\n<p style=\"text-align: center; font-size: 25pt;\"><span style=\"color: #000000;\">Nuestro compromiso<\/span><\/p>\n<p>[\/vc_column_text][vc_column_text]Conocemos la complejidad de un cambio de sistema de informaci\u00f3n, y tambi\u00e9n los grandes beneficios que se consiguen una vez se ha completado. Queremos ayudarte estando a tu lado en todo momento, y cuidando al m\u00e1ximo todo el proceso de cambio, desde el primer contacto comercial hasta el cierre de la implantaci\u00f3n.<\/p>\n<p>Adem\u00e1s, siempre estaremos mano a mano para ayudarte a evolucionar tu gesti\u00f3n. \u00bfC\u00f3mo lo hacemos?[\/vc_column_text][\/vc_column][\/vc_row][vc_row][vc_column width=&#8221;1\/3&#8243;]<div class=\"prk_service prk_service_center\" data-color=\"default\" data-default=\"default\"><div class=\"fa fa-user colored_link_icon small_headings_color\"><\/div><div class=\"clearfix\"><\/div><div class=\"prk_service_ctt\"><h4 class=\"big zero_color bd_headings_text_shadow header_font\">Un solo interlocutor<\/h4><div class=\"clearfix\"><\/div><div class=\"stamp_service_desc wpb_text_column\">Siempre hablar\u00e1s con el mismo interlocutor. Te conocer\u00e1, conocer\u00e1 tu actividad y necesidades, y te podr\u00e1 aportar las mejores soluciones.<\/div><\/div><\/div>[\/vc_column][vc_column width=&#8221;1\/3&#8243;]<div class=\"prk_service prk_service_center\" data-color=\"default\" data-default=\"default\"><div class=\"fa fa-play-circle colored_link_icon small_headings_color\"><\/div><div class=\"clearfix\"><\/div><div class=\"prk_service_ctt\"><h4 class=\"big zero_color bd_headings_text_shadow header_font\">Puesta en marcha<\/h4><div class=\"clearfix\"><\/div><div class=\"stamp_service_desc wpb_text_column\">Te damos todas las facilidades para que poner en marcha el software sea un proceso \u00e1gil. Traspasos de datos, sesiones de formaci\u00f3n y asesoramiento continuo.<\/div><\/div><\/div>[\/vc_column][vc_column width=&#8221;1\/3&#8243;]<div class=\"prk_service prk_service_center\" data-color=\"default\" data-default=\"default\"><div class=\"fa fa-heart colored_link_icon small_headings_color\"><\/div><div class=\"clearfix\"><\/div><div class=\"prk_service_ctt\"><h4 class=\"big zero_color bd_headings_text_shadow header_font\">Evolucionamos contigo<\/h4><div class=\"clearfix\"><\/div><div class=\"stamp_service_desc wpb_text_column\">Juntos para toda la vida. Gracias a nuestro amplio cat\u00e1logo de funcionalidades, puedes hacer crecer tu aplicaci\u00f3n conforme a tus necesidades. \u00bfNecesitas personalizaci\u00f3n a medida? Con Gesti\u00f3n 360 no existe limitaci\u00f3n.<\/div><\/div><\/div>[\/vc_column][\/vc_row][vc_row][vc_column width=&#8221;2\/3&#8243;][vc_column_text]<\/p>\n<p style=\"text-align: center; font-size: 25pt;\">Conoce ya a tu asesor<\/p>\n<p>[\/vc_column_text][\/vc_column][vc_column width=&#8221;1\/3&#8243;]<div class=\"\"><a href=\"http:\/\/sgesoft.com\/tres60\/index.php\/contacto\/\" target=\"_self\" class=\"fade_anchor\">\u00a1Comencemos!<\/a><\/div>[\/vc_column][\/vc_row]<\/p>\n","protected":false},"excerpt":{"rendered":"<p>[vc_row row_height=&#8221;forced_row&#8221; bk_element=&#8221;image&#8221; bg_image_repeat=&#8221;stamp_cover&#8221; bg_image=&#8221;1027&#8243; margin_bottom=&#8221;-50px&#8221;][vc_column width=&#8221;1\/3&#8243;][vc_column_text css=&#8221;.vc_custom_1560837447724{margin-top: 30px !important;}&#8221;] CRM [\/vc_column_text][vc_column_text css=&#8221;.vc_custom_1560837459006{margin-top: 20px !important;margin-bottom: 25px !important;}&#8221;] Software CRM, programa para la gesti\u00f3n comercial [\/vc_column_text][vc_column_text css=&#8221;.vc_custom_1560837470854{margin-top: 20px !important;margin-bottom: 25px !important;}&#8221;]Descubre el potencial de CRM 360. La integraci\u00f3n total con el m\u00f3dulo de facturaci\u00f3n y almac\u00e9n, permite llevar a un nuevo nivel las gestiones comerciales.[\/vc_column_text][\/vc_column][vc_column width=&#8221;2\/3&#8243;][\/vc_column][\/vc_row][vc_row [&hellip;]<\/p>\n","protected":false},"author":1,"featured_media":0,"parent":0,"menu_order":0,"comment_status":"closed","ping_status":"closed","template":"","meta":[],"_links":{"self":[{"href":"http:\/\/sgesoft.com\/tres60\/index.php\/wp-json\/wp\/v2\/pages\/1037"}],"collection":[{"href":"http:\/\/sgesoft.com\/tres60\/index.php\/wp-json\/wp\/v2\/pages"}],"about":[{"href":"http:\/\/sgesoft.com\/tres60\/index.php\/wp-json\/wp\/v2\/types\/page"}],"author":[{"embeddable":true,"href":"http:\/\/sgesoft.com\/tres60\/index.php\/wp-json\/wp\/v2\/users\/1"}],"replies":[{"embeddable":true,"href":"http:\/\/sgesoft.com\/tres60\/index.php\/wp-json\/wp\/v2\/comments?post=1037"}],"version-history":[{"count":18,"href":"http:\/\/sgesoft.com\/tres60\/index.php\/wp-json\/wp\/v2\/pages\/1037\/revisions"}],"predecessor-version":[{"id":1364,"href":"http:\/\/sgesoft.com\/tres60\/index.php\/wp-json\/wp\/v2\/pages\/1037\/revisions\/1364"}],"wp:attachment":[{"href":"http:\/\/sgesoft.com\/tres60\/index.php\/wp-json\/wp\/v2\/media?parent=1037"}],"curies":[{"name":"wp","href":"https:\/\/api.w.org\/{rel}","templated":true}]}}