{"id":2045,"date":"2022-05-31T17:41:42","date_gmt":"2022-05-31T15:41:42","guid":{"rendered":"http:\/\/sgesoft.com\/tres60\/?page_id=2045"},"modified":"2022-06-10T13:29:29","modified_gmt":"2022-06-10T11:29:29","slug":"gestion_de_procesos","status":"publish","type":"page","link":"http:\/\/sgesoft.com\/tres60\/index.php\/kit_digital\/gestion_de_procesos\/","title":{"rendered":"Gesti\u00f3n de procesos"},"content":{"rendered":"\n<div class=\"wp-block-image\"><figure class=\"aligncenter size-large\"><a href=\"http:\/\/sgesoft.com\/tres60\/wp-content\/uploads\/2022\/05\/Logo-digitalizadores.png\"><img loading=\"lazy\" width=\"1024\" height=\"137\" src=\"http:\/\/sgesoft.com\/tres60\/wp-content\/uploads\/2022\/05\/Logo-digitalizadores-1024x137.png\" alt=\"\" class=\"wp-image-2034\" srcset=\"http:\/\/sgesoft.com\/tres60\/wp-content\/uploads\/2022\/05\/Logo-digitalizadores-1024x137.png 1024w, http:\/\/sgesoft.com\/tres60\/wp-content\/uploads\/2022\/05\/Logo-digitalizadores-300x40.png 300w, http:\/\/sgesoft.com\/tres60\/wp-content\/uploads\/2022\/05\/Logo-digitalizadores-768x102.png 768w, http:\/\/sgesoft.com\/tres60\/wp-content\/uploads\/2022\/05\/Logo-digitalizadores-1536x205.png 1536w, http:\/\/sgesoft.com\/tres60\/wp-content\/uploads\/2022\/05\/Logo-digitalizadores-2048x273.png 2048w\" sizes=\"(max-width: 1024px) 100vw, 1024px\" \/><\/a><\/figure><\/div>\n\n\n\n<figure class=\"wp-block-image size-large is-resized is-style-default\"><a href=\"http:\/\/sgesoft.com\/tres60\/wp-content\/uploads\/2022\/05\/gp.jpg\"><img loading=\"lazy\" src=\"http:\/\/sgesoft.com\/tres60\/wp-content\/uploads\/2022\/05\/gp-1024x528.jpg\" alt=\"\" class=\"wp-image-2076\" width=\"840\" height=\"433\" srcset=\"http:\/\/sgesoft.com\/tres60\/wp-content\/uploads\/2022\/05\/gp-1024x528.jpg 1024w, http:\/\/sgesoft.com\/tres60\/wp-content\/uploads\/2022\/05\/gp-300x155.jpg 300w, http:\/\/sgesoft.com\/tres60\/wp-content\/uploads\/2022\/05\/gp-768x396.jpg 768w, http:\/\/sgesoft.com\/tres60\/wp-content\/uploads\/2022\/05\/gp-1536x792.jpg 1536w, http:\/\/sgesoft.com\/tres60\/wp-content\/uploads\/2022\/05\/gp.jpg 1960w\" sizes=\"(max-width: 840px) 100vw, 840px\" \/><\/a><\/figure>\n\n\n\n<p><\/p>\n\n\n\n<h2 class=\"has-text-align-center has-text-color has-huge-font-size\" style=\"color:#00346a\">Gesti\u00f3n de procesos<\/h2>\n\n\n\n<p class=\"has-normal-font-size\"><\/p>\n\n\n\n<div style=\"height:21px\" aria-hidden=\"true\" class=\"wp-block-spacer\"><\/div>\n\n\n\n<h2 class=\"has-text-align-center has-text-color\" style=\"color:#00346a;font-size:18px\">\u00a1Digitaliza y automatiza todos tus procesos <strong>consiguiendo el control absoluto de tu negocio<\/strong>!<\/h2>\n\n\n\n<div style=\"height:40px\" aria-hidden=\"true\" class=\"wp-block-spacer\"><\/div>\n\n\n\n<div style=\"height:27px\" aria-hidden=\"true\" class=\"wp-block-spacer\"><\/div>\n\n\n\n<hr class=\"wp-block-separator aligncenter has-text-color has-background has-vivid-cyan-blue-background-color has-vivid-cyan-blue-color is-style-wide\"\/>\n\n\n\n<div style=\"height:30px\" aria-hidden=\"true\" class=\"wp-block-spacer\"><\/div>\n\n\n\n<h5 class=\"alignwide has-text-align-left has-text-color\" style=\"color:#00346a;font-size:15px\">Descubre Gesti\u00f3n 360, el software ERP que te permitir\u00e1 hacer evolucionar tu negocio de manera sencilla obteniendo la visi\u00f3n integral y m\u00e1s completa de tu empresa. <\/h5>\n\n\n\n<div class=\"wp-block-columns\">\n<div class=\"wp-block-column is-vertically-aligned-top\">\n<div class=\"wp-block-image\"><figure class=\"aligncenter size-medium is-resized\"><a href=\"http:\/\/sgesoft.com\/tres60\/wp-content\/uploads\/2022\/05\/1-3.png\"><img loading=\"lazy\" src=\"http:\/\/sgesoft.com\/tres60\/wp-content\/uploads\/2022\/05\/1-3-300x300.png\" alt=\"\" class=\"wp-image-2048\" width=\"230\" height=\"230\" srcset=\"http:\/\/sgesoft.com\/tres60\/wp-content\/uploads\/2022\/05\/1-3-300x300.png 300w, http:\/\/sgesoft.com\/tres60\/wp-content\/uploads\/2022\/05\/1-3-1024x1024.png 1024w, http:\/\/sgesoft.com\/tres60\/wp-content\/uploads\/2022\/05\/1-3-150x150.png 150w, http:\/\/sgesoft.com\/tres60\/wp-content\/uploads\/2022\/05\/1-3-768x768.png 768w, http:\/\/sgesoft.com\/tres60\/wp-content\/uploads\/2022\/05\/1-3.png 1080w\" sizes=\"(max-width: 230px) 100vw, 230px\" \/><\/a><\/figure><\/div>\n\n\n\n<p class=\"has-text-align-center has-vivid-cyan-blue-color has-text-color\"><strong>Ventas y compras<\/strong><\/p>\n\n\n\n<p class=\"has-text-align-center\">Los circuitos completos de compras y ventas en una \u00fanica soluci\u00f3n global.<\/p>\n<\/div>\n\n\n\n<div class=\"wp-block-column\">\n<div class=\"wp-block-image\"><figure class=\"aligncenter size-medium is-resized\"><a href=\"http:\/\/sgesoft.com\/tres60\/wp-content\/uploads\/2022\/05\/2-4.png\"><img loading=\"lazy\" src=\"http:\/\/sgesoft.com\/tres60\/wp-content\/uploads\/2022\/05\/2-4-300x300.png\" alt=\"\" class=\"wp-image-2049\" width=\"233\" height=\"233\" srcset=\"http:\/\/sgesoft.com\/tres60\/wp-content\/uploads\/2022\/05\/2-4-300x300.png 300w, http:\/\/sgesoft.com\/tres60\/wp-content\/uploads\/2022\/05\/2-4-1024x1024.png 1024w, http:\/\/sgesoft.com\/tres60\/wp-content\/uploads\/2022\/05\/2-4-150x150.png 150w, http:\/\/sgesoft.com\/tres60\/wp-content\/uploads\/2022\/05\/2-4-768x768.png 768w, http:\/\/sgesoft.com\/tres60\/wp-content\/uploads\/2022\/05\/2-4.png 1080w\" sizes=\"(max-width: 233px) 100vw, 233px\" \/><\/a><\/figure><\/div>\n\n\n\n<p class=\"has-text-align-center has-vivid-cyan-blue-color has-text-color\"><strong>Financiero\/Contable<\/strong><\/p>\n\n\n\n<p class=\"has-text-align-center\">Ten un control de la informaci\u00f3n en tiempo real de la gesti\u00f3n financiera y operativa de tu negocio.<\/p>\n<\/div>\n<\/div>\n\n\n\n<div class=\"wp-block-columns\">\n<div class=\"wp-block-column\">\n<div class=\"wp-block-image\"><figure class=\"aligncenter size-medium is-resized\"><a href=\"http:\/\/sgesoft.com\/tres60\/wp-content\/uploads\/2022\/05\/3-5.png\"><img loading=\"lazy\" src=\"http:\/\/sgesoft.com\/tres60\/wp-content\/uploads\/2022\/05\/3-5-300x300.png\" alt=\"\" class=\"wp-image-2050\" width=\"224\" height=\"224\" srcset=\"http:\/\/sgesoft.com\/tres60\/wp-content\/uploads\/2022\/05\/3-5-300x300.png 300w, http:\/\/sgesoft.com\/tres60\/wp-content\/uploads\/2022\/05\/3-5-1024x1024.png 1024w, http:\/\/sgesoft.com\/tres60\/wp-content\/uploads\/2022\/05\/3-5-150x150.png 150w, http:\/\/sgesoft.com\/tres60\/wp-content\/uploads\/2022\/05\/3-5-768x768.png 768w, http:\/\/sgesoft.com\/tres60\/wp-content\/uploads\/2022\/05\/3-5.png 1080w\" sizes=\"(max-width: 224px) 100vw, 224px\" \/><\/a><\/figure><\/div>\n\n\n\n<p class=\"has-text-align-center has-vivid-cyan-blue-color has-text-color\"><strong>Fabricaci\u00f3n<\/strong><\/p>\n\n\n\n<p class=\"has-text-align-center\">Realiza producciones y fabricaciones, controlando los costes y situaci\u00f3n en tiempo real.<\/p>\n<\/div>\n\n\n\n<div class=\"wp-block-column\">\n<div class=\"wp-block-image\"><figure class=\"aligncenter size-medium is-resized\"><a href=\"http:\/\/sgesoft.com\/tres60\/wp-content\/uploads\/2022\/05\/4-2.png\"><img loading=\"lazy\" src=\"http:\/\/sgesoft.com\/tres60\/wp-content\/uploads\/2022\/05\/4-2-300x300.png\" alt=\"\" class=\"wp-image-2051\" width=\"228\" height=\"228\" srcset=\"http:\/\/sgesoft.com\/tres60\/wp-content\/uploads\/2022\/05\/4-2-300x300.png 300w, http:\/\/sgesoft.com\/tres60\/wp-content\/uploads\/2022\/05\/4-2-1024x1024.png 1024w, http:\/\/sgesoft.com\/tres60\/wp-content\/uploads\/2022\/05\/4-2-150x150.png 150w, http:\/\/sgesoft.com\/tres60\/wp-content\/uploads\/2022\/05\/4-2-768x768.png 768w, http:\/\/sgesoft.com\/tres60\/wp-content\/uploads\/2022\/05\/4-2.png 1080w\" sizes=\"(max-width: 228px) 100vw, 228px\" \/><\/a><\/figure><\/div>\n\n\n\n<p class=\"has-text-align-center has-vivid-cyan-blue-color has-text-color\"><strong>Proyectos<\/strong><\/p>\n\n\n\n<p class=\"has-text-align-center\">Desde el estudio inicial hasta la ejecuci\u00f3n y cierre del proyecto.<\/p>\n<\/div>\n<\/div>\n\n\n\n<div class=\"wp-block-columns\">\n<div class=\"wp-block-column\">\n<div class=\"wp-block-image\"><figure class=\"aligncenter size-medium is-resized\"><a href=\"http:\/\/sgesoft.com\/tres60\/wp-content\/uploads\/2022\/05\/5-2.png\"><img loading=\"lazy\" src=\"http:\/\/sgesoft.com\/tres60\/wp-content\/uploads\/2022\/05\/5-2-300x300.png\" alt=\"\" class=\"wp-image-2052\" width=\"219\" height=\"219\" srcset=\"http:\/\/sgesoft.com\/tres60\/wp-content\/uploads\/2022\/05\/5-2-300x300.png 300w, http:\/\/sgesoft.com\/tres60\/wp-content\/uploads\/2022\/05\/5-2-1024x1024.png 1024w, http:\/\/sgesoft.com\/tres60\/wp-content\/uploads\/2022\/05\/5-2-150x150.png 150w, http:\/\/sgesoft.com\/tres60\/wp-content\/uploads\/2022\/05\/5-2-768x768.png 768w, http:\/\/sgesoft.com\/tres60\/wp-content\/uploads\/2022\/05\/5-2.png 1080w\" sizes=\"(max-width: 219px) 100vw, 219px\" \/><\/a><\/figure><\/div>\n\n\n\n<p class=\"has-text-align-center has-vivid-cyan-blue-color has-text-color\"><strong>Almac\u00e9n<\/strong><\/p>\n\n\n\n<p class=\"has-text-align-center\">Agiliza la gesti\u00f3n de tus almacenes, controla y previsiona los stocks.<\/p>\n<\/div>\n\n\n\n<div class=\"wp-block-column\">\n<div class=\"wp-block-image\"><figure class=\"aligncenter size-medium is-resized\"><a href=\"http:\/\/sgesoft.com\/tres60\/wp-content\/uploads\/2022\/05\/6-4.png\"><img loading=\"lazy\" src=\"http:\/\/sgesoft.com\/tres60\/wp-content\/uploads\/2022\/05\/6-4-300x300.png\" alt=\"\" class=\"wp-image-2053\" width=\"222\" height=\"222\" srcset=\"http:\/\/sgesoft.com\/tres60\/wp-content\/uploads\/2022\/05\/6-4-300x300.png 300w, http:\/\/sgesoft.com\/tres60\/wp-content\/uploads\/2022\/05\/6-4-1024x1024.png 1024w, http:\/\/sgesoft.com\/tres60\/wp-content\/uploads\/2022\/05\/6-4-150x150.png 150w, http:\/\/sgesoft.com\/tres60\/wp-content\/uploads\/2022\/05\/6-4-768x768.png 768w, http:\/\/sgesoft.com\/tres60\/wp-content\/uploads\/2022\/05\/6-4.png 1080w\" sizes=\"(max-width: 222px) 100vw, 222px\" \/><\/a><\/figure><\/div>\n\n\n\n<p class=\"has-text-align-center has-vivid-cyan-blue-color has-text-color\"><strong>Recursos Humanos<\/strong><\/p>\n\n\n\n<p class=\"has-text-align-center\">Gesti\u00f3n completa del personal de la empresa, contratos, n\u00f3minas, horas y documentaci\u00f3n.<\/p>\n<\/div>\n<\/div>\n\n\n\n<hr class=\"wp-block-separator alignfull has-text-color has-background has-white-background-color has-white-color is-style-default\"\/>\n\n\n\n<figure class=\"wp-block-pullquote alignwide is-style-default\" style=\"border-color:#0693e3\"><blockquote><p><\/p><p>Importe Gesti\u00f3n de Procesos: Desde 4.600 a 25.000\u20ac<\/p><p>Subvenci\u00f3n m\u00e1xima Bono Digital: 6.000\u20ac<\/p><\/blockquote><\/figure>\n\n\n\n<div style=\"height:48px\" aria-hidden=\"true\" class=\"wp-block-spacer\"><\/div>\n\n\n\n<p class=\"has-text-align-center has-text-color has-medium-font-size\" style=\"color:#00346a\">\u00bfPreparado? Comienza a digitalizar tu empresa con Gesti\u00f3n 360<\/p>\n\n\n\n<div class=\"wp-block-columns\">\n<div class=\"wp-block-column has-vivid-cyan-blue-color has-white-background-color has-text-color has-background\">\n<p class=\"has-text-align-center has-vivid-cyan-blue-color has-white-background-color has-text-color has-background\" style=\"font-size:18px\">\u00a1Contacta con nosotros!<\/p>\n\n\n\n<div class=\"wp-block-buttons alignfull is-content-justification-center\">\n<div class=\"wp-block-button has-custom-width wp-block-button__width-25 has-custom-font-size is-style-fill has-medium-font-size\"><a class=\"wp-block-button__link has-white-color has-text-color has-background\" href=\"http:\/\/sgesoft.com\/tres60\/index.php\/contacto\/\" style=\"background-color:#00346a\">Contactar<\/a><\/div>\n<\/div>\n<\/div>\n<\/div>\n","protected":false},"excerpt":{"rendered":"<p>Gesti\u00f3n de procesos \u00a1Digitaliza y automatiza todos tus procesos consiguiendo el control absoluto de tu negocio! Descubre Gesti\u00f3n 360, el software ERP que te permitir\u00e1 hacer evolucionar tu negocio de manera sencilla obteniendo la visi\u00f3n integral y m\u00e1s completa de tu empresa. Ventas y compras Los circuitos completos de compras y ventas en una \u00fanica [&hellip;]<\/p>\n","protected":false},"author":1,"featured_media":0,"parent":1985,"menu_order":0,"comment_status":"closed","ping_status":"closed","template":"","meta":[],"_links":{"self":[{"href":"http:\/\/sgesoft.com\/tres60\/index.php\/wp-json\/wp\/v2\/pages\/2045"}],"collection":[{"href":"http:\/\/sgesoft.com\/tres60\/index.php\/wp-json\/wp\/v2\/pages"}],"about":[{"href":"http:\/\/sgesoft.com\/tres60\/index.php\/wp-json\/wp\/v2\/types\/page"}],"author":[{"embeddable":true,"href":"http:\/\/sgesoft.com\/tres60\/index.php\/wp-json\/wp\/v2\/users\/1"}],"replies":[{"embeddable":true,"href":"http:\/\/sgesoft.com\/tres60\/index.php\/wp-json\/wp\/v2\/comments?post=2045"}],"version-history":[{"count":60,"href":"http:\/\/sgesoft.com\/tres60\/index.php\/wp-json\/wp\/v2\/pages\/2045\/revisions"}],"predecessor-version":[{"id":2281,"href":"http:\/\/sgesoft.com\/tres60\/index.php\/wp-json\/wp\/v2\/pages\/2045\/revisions\/2281"}],"up":[{"embeddable":true,"href":"http:\/\/sgesoft.com\/tres60\/index.php\/wp-json\/wp\/v2\/pages\/1985"}],"wp:attachment":[{"href":"http:\/\/sgesoft.com\/tres60\/index.php\/wp-json\/wp\/v2\/media?parent=2045"}],"curies":[{"name":"wp","href":"https:\/\/api.w.org\/{rel}","templated":true}]}}