{"id":2088,"date":"2022-06-10T11:45:38","date_gmt":"2022-06-10T09:45:38","guid":{"rendered":"http:\/\/sgesoft.com\/tres60\/?page_id=2088"},"modified":"2022-06-10T12:52:54","modified_gmt":"2022-06-10T10:52:54","slug":"crm-gestion-de-clientes","status":"publish","type":"page","link":"http:\/\/sgesoft.com\/tres60\/index.php\/kit_digital\/crm-gestion-de-clientes\/","title":{"rendered":"CRM- Gesti\u00f3n de Clientes"},"content":{"rendered":"\n<div class=\"wp-block-image is-style-default\"><figure class=\"aligncenter size-large\"><a href=\"http:\/\/sgesoft.com\/tres60\/wp-content\/uploads\/2022\/05\/Logo-digitalizadores.png\"><img loading=\"lazy\" width=\"1024\" height=\"137\" src=\"http:\/\/sgesoft.com\/tres60\/wp-content\/uploads\/2022\/05\/Logo-digitalizadores-1024x137.png\" alt=\"\" class=\"wp-image-2034\" srcset=\"http:\/\/sgesoft.com\/tres60\/wp-content\/uploads\/2022\/05\/Logo-digitalizadores-1024x137.png 1024w, http:\/\/sgesoft.com\/tres60\/wp-content\/uploads\/2022\/05\/Logo-digitalizadores-300x40.png 300w, http:\/\/sgesoft.com\/tres60\/wp-content\/uploads\/2022\/05\/Logo-digitalizadores-768x102.png 768w, http:\/\/sgesoft.com\/tres60\/wp-content\/uploads\/2022\/05\/Logo-digitalizadores-1536x205.png 1536w, http:\/\/sgesoft.com\/tres60\/wp-content\/uploads\/2022\/05\/Logo-digitalizadores-2048x273.png 2048w\" sizes=\"(max-width: 1024px) 100vw, 1024px\" \/><\/a><\/figure><\/div>\n\n\n\n<div class=\"wp-block-image is-style-default\"><figure class=\"alignleft size-large\"><a href=\"http:\/\/sgesoft.com\/tres60\/wp-content\/uploads\/2022\/05\/CRM-.png\"><img loading=\"lazy\" width=\"1024\" height=\"577\" src=\"http:\/\/sgesoft.com\/tres60\/wp-content\/uploads\/2022\/05\/CRM--1024x577.png\" alt=\"\" class=\"wp-image-2090\" srcset=\"http:\/\/sgesoft.com\/tres60\/wp-content\/uploads\/2022\/05\/CRM--1024x577.png 1024w, http:\/\/sgesoft.com\/tres60\/wp-content\/uploads\/2022\/05\/CRM--300x169.png 300w, http:\/\/sgesoft.com\/tres60\/wp-content\/uploads\/2022\/05\/CRM--768x433.png 768w, http:\/\/sgesoft.com\/tres60\/wp-content\/uploads\/2022\/05\/CRM--1536x865.png 1536w, http:\/\/sgesoft.com\/tres60\/wp-content\/uploads\/2022\/05\/CRM-.png 1640w\" sizes=\"(max-width: 1024px) 100vw, 1024px\" \/><\/a><\/figure><\/div>\n\n\n\n<div style=\"height:17px\" aria-hidden=\"true\" class=\"wp-block-spacer\"><\/div>\n\n\n\n<p class=\"has-text-align-center has-text-color has-huge-font-size\" style=\"color:#00346a\">CRM- Gesti\u00f3n de Clientes<\/p>\n\n\n\n<div style=\"height:61px\" aria-hidden=\"true\" class=\"wp-block-spacer\"><\/div>\n\n\n\n<p class=\"has-text-color\" style=\"color:#00346a;font-size:15px\">Descubre el potencial de CRM 360 y mejora la comunicaci\u00f3n con tus clientes a la vez que potencia tus ventas con una excelente gesti\u00f3n comercial.<\/p>\n\n\n\n<div style=\"height:21px\" aria-hidden=\"true\" class=\"wp-block-spacer\"><\/div>\n\n\n\n<div class=\"wp-block-columns\">\n<div class=\"wp-block-column\">\n<div class=\"wp-block-image is-style-default\"><figure class=\"aligncenter size-medium is-resized\"><a href=\"http:\/\/sgesoft.com\/tres60\/wp-content\/uploads\/2022\/05\/9-2.png\"><img loading=\"lazy\" src=\"http:\/\/sgesoft.com\/tres60\/wp-content\/uploads\/2022\/05\/9-2-300x300.png\" alt=\"\" class=\"wp-image-2091\" width=\"269\" height=\"269\" srcset=\"http:\/\/sgesoft.com\/tres60\/wp-content\/uploads\/2022\/05\/9-2-300x300.png 300w, http:\/\/sgesoft.com\/tres60\/wp-content\/uploads\/2022\/05\/9-2-1024x1024.png 1024w, http:\/\/sgesoft.com\/tres60\/wp-content\/uploads\/2022\/05\/9-2-150x150.png 150w, http:\/\/sgesoft.com\/tres60\/wp-content\/uploads\/2022\/05\/9-2-768x768.png 768w, http:\/\/sgesoft.com\/tres60\/wp-content\/uploads\/2022\/05\/9-2.png 1080w\" sizes=\"(max-width: 269px) 100vw, 269px\" \/><\/a><\/figure><\/div>\n\n\n\n<p class=\"has-text-align-center has-vivid-cyan-blue-color has-text-color\"><strong>Clientes y Contactos<\/strong><\/p>\n\n\n\n<p class=\"has-text-align-center\">Realiza el seguimiento al detalle de tus clientes y contactos. Clasif\u00edcalos con las opciones de segmentaci\u00f3n para obtener informes y lanzar campa\u00f1as segmentadas.<\/p>\n<\/div>\n\n\n\n<div class=\"wp-block-column\">\n<div class=\"wp-block-image is-style-default\"><figure class=\"aligncenter size-medium is-resized\"><a href=\"http:\/\/sgesoft.com\/tres60\/wp-content\/uploads\/2022\/05\/10-2.png\"><img loading=\"lazy\" src=\"http:\/\/sgesoft.com\/tres60\/wp-content\/uploads\/2022\/05\/10-2-300x300.png\" alt=\"\" class=\"wp-image-2092\" width=\"272\" height=\"272\" srcset=\"http:\/\/sgesoft.com\/tres60\/wp-content\/uploads\/2022\/05\/10-2-300x300.png 300w, http:\/\/sgesoft.com\/tres60\/wp-content\/uploads\/2022\/05\/10-2-1024x1024.png 1024w, http:\/\/sgesoft.com\/tres60\/wp-content\/uploads\/2022\/05\/10-2-150x150.png 150w, http:\/\/sgesoft.com\/tres60\/wp-content\/uploads\/2022\/05\/10-2-768x768.png 768w, http:\/\/sgesoft.com\/tres60\/wp-content\/uploads\/2022\/05\/10-2.png 1080w\" sizes=\"(max-width: 272px) 100vw, 272px\" \/><\/a><\/figure><\/div>\n\n\n\n<p class=\"has-text-align-center has-vivid-cyan-blue-color has-text-color\"><strong>Tareas<\/strong><\/p>\n\n\n\n<p class=\"has-text-align-center\">Lleva al d\u00eda todas tus gestiones, planifica y consulta tus tareas y las realizadas por tus compa\u00f1eros.<\/p>\n<\/div>\n<\/div>\n\n\n\n<div class=\"wp-block-columns\">\n<div class=\"wp-block-column\">\n<div class=\"wp-block-image is-style-default\"><figure class=\"aligncenter size-medium is-resized\"><a href=\"http:\/\/sgesoft.com\/tres60\/wp-content\/uploads\/2022\/05\/11.png\"><img loading=\"lazy\" src=\"http:\/\/sgesoft.com\/tres60\/wp-content\/uploads\/2022\/05\/11-300x300.png\" alt=\"\" class=\"wp-image-2093\" width=\"232\" height=\"232\" srcset=\"http:\/\/sgesoft.com\/tres60\/wp-content\/uploads\/2022\/05\/11-300x300.png 300w, http:\/\/sgesoft.com\/tres60\/wp-content\/uploads\/2022\/05\/11-1024x1024.png 1024w, http:\/\/sgesoft.com\/tres60\/wp-content\/uploads\/2022\/05\/11-150x150.png 150w, http:\/\/sgesoft.com\/tres60\/wp-content\/uploads\/2022\/05\/11-768x768.png 768w, http:\/\/sgesoft.com\/tres60\/wp-content\/uploads\/2022\/05\/11.png 1080w\" sizes=\"(max-width: 232px) 100vw, 232px\" \/><\/a><\/figure><\/div>\n\n\n\n<p class=\"has-text-align-center has-vivid-cyan-blue-color has-text-color\"><strong>Centro de informaci\u00f3n<\/strong><\/p>\n\n\n\n<p class=\"has-text-align-center\">Un resumen con toda la informaci\u00f3n que necesitas conocer sobre la situaci\u00f3n de los trabajos en curso del cliente, y la evoluci\u00f3n respecto al a\u00f1o anterior.<\/p>\n<\/div>\n\n\n\n<div class=\"wp-block-column\">\n<div class=\"wp-block-image is-style-default\"><figure class=\"aligncenter size-medium is-resized\"><a href=\"http:\/\/sgesoft.com\/tres60\/wp-content\/uploads\/2022\/05\/12.png\"><img loading=\"lazy\" src=\"http:\/\/sgesoft.com\/tres60\/wp-content\/uploads\/2022\/05\/12-300x300.png\" alt=\"\" class=\"wp-image-2094\" width=\"229\" height=\"229\" srcset=\"http:\/\/sgesoft.com\/tres60\/wp-content\/uploads\/2022\/05\/12-300x300.png 300w, http:\/\/sgesoft.com\/tres60\/wp-content\/uploads\/2022\/05\/12-1024x1024.png 1024w, http:\/\/sgesoft.com\/tres60\/wp-content\/uploads\/2022\/05\/12-150x150.png 150w, http:\/\/sgesoft.com\/tres60\/wp-content\/uploads\/2022\/05\/12-768x768.png 768w, http:\/\/sgesoft.com\/tres60\/wp-content\/uploads\/2022\/05\/12.png 1080w\" sizes=\"(max-width: 229px) 100vw, 229px\" \/><\/a><\/figure><\/div>\n\n\n\n<p class=\"has-text-align-center has-vivid-cyan-blue-color has-text-color\"><strong>Documentos<\/strong><\/p>\n\n\n\n<p class=\"has-text-align-center\">La integraci\u00f3n absoluta con los documentos de venta y compra del software de Gesti\u00f3n 360: presupuestos, pedidos, tomas de contactos,,<\/p>\n<\/div>\n<\/div>\n\n\n\n<div class=\"wp-block-columns\">\n<div class=\"wp-block-column\">\n<div class=\"wp-block-image is-style-default\"><figure class=\"aligncenter size-medium is-resized\"><a href=\"http:\/\/sgesoft.com\/tres60\/wp-content\/uploads\/2022\/05\/13.png\"><img loading=\"lazy\" src=\"http:\/\/sgesoft.com\/tres60\/wp-content\/uploads\/2022\/05\/13-300x300.png\" alt=\"\" class=\"wp-image-2095\" width=\"238\" height=\"238\" srcset=\"http:\/\/sgesoft.com\/tres60\/wp-content\/uploads\/2022\/05\/13-300x300.png 300w, http:\/\/sgesoft.com\/tres60\/wp-content\/uploads\/2022\/05\/13-1024x1024.png 1024w, http:\/\/sgesoft.com\/tres60\/wp-content\/uploads\/2022\/05\/13-150x150.png 150w, http:\/\/sgesoft.com\/tres60\/wp-content\/uploads\/2022\/05\/13-768x768.png 768w, http:\/\/sgesoft.com\/tres60\/wp-content\/uploads\/2022\/05\/13.png 1080w\" sizes=\"(max-width: 238px) 100vw, 238px\" \/><\/a><\/figure><\/div>\n\n\n\n<p class=\"has-text-align-center has-vivid-cyan-blue-color has-text-color\"><strong>Expedientes<\/strong><\/p>\n\n\n\n<p class=\"has-text-align-center\">Crea expedientes de tus eventos para registrar todas las gestiones tanto de preparaci\u00f3n, las tareas propias del evento como las acciones surgidas a ra\u00edz del evento realizado. <\/p>\n\n\n\n<p class=\"has-text-align-center\">Tambi\u00e9n podr\u00e1s registrar las notas de gasto (viajes, dietas, etc.. ), trabajadores asignados, presupuestos y pedidos obtenidos gracias al evento&#8230; y as\u00ed poder evaluar el resultado.<\/p>\n<\/div>\n\n\n\n<div class=\"wp-block-column\">\n<div class=\"wp-block-image is-style-default\"><figure class=\"aligncenter size-medium is-resized\"><a href=\"http:\/\/sgesoft.com\/tres60\/wp-content\/uploads\/2022\/05\/14.png\"><img loading=\"lazy\" src=\"http:\/\/sgesoft.com\/tres60\/wp-content\/uploads\/2022\/05\/14-300x300.png\" alt=\"\" class=\"wp-image-2096\" width=\"246\" height=\"246\" srcset=\"http:\/\/sgesoft.com\/tres60\/wp-content\/uploads\/2022\/05\/14-300x300.png 300w, http:\/\/sgesoft.com\/tres60\/wp-content\/uploads\/2022\/05\/14-1024x1024.png 1024w, http:\/\/sgesoft.com\/tres60\/wp-content\/uploads\/2022\/05\/14-150x150.png 150w, http:\/\/sgesoft.com\/tres60\/wp-content\/uploads\/2022\/05\/14-768x768.png 768w, http:\/\/sgesoft.com\/tres60\/wp-content\/uploads\/2022\/05\/14.png 1080w\" sizes=\"(max-width: 246px) 100vw, 246px\" \/><\/a><\/figure><\/div>\n\n\n\n<p class=\"has-text-align-center has-vivid-cyan-blue-color has-text-color\"><strong>Gesti\u00f3n de equipos<\/strong> <strong>y Comunicaci\u00f3n interna<\/strong><\/p>\n\n\n\n<p class=\"has-text-align-center\">Realiza un amplio seguimiento de todas las tareas en curso de tu equipo. Resultados de las acciones, pr\u00f3ximas tareas planificadas, cantidad de gestiones por comercial..<\/p>\n\n\n\n<p><\/p>\n\n\n\n<p class=\"has-text-align-center\">Env\u00eda mensajes internos de forma independiente o desde cualquier documento, y quedar\u00e1 el mensaje y sus correspondientes respuestas anexas al documento.<\/p>\n<\/div>\n<\/div>\n\n\n\n<div style=\"height:92px\" aria-hidden=\"true\" class=\"wp-block-spacer\"><\/div>\n\n\n\n<figure class=\"wp-block-pullquote alignwide is-style-default\" style=\"border-color:#0693e3\"><blockquote><p>Importe CRM Gesti\u00f3n 360 : desde 2.000\u20ac a 5.000\u20ac<\/p><p>                                    Subvenci\u00f3n m\u00e1xima Bono Digital: 4.000\u20ac<\/p><\/blockquote><\/figure>\n\n\n\n<div style=\"height:48px\" aria-hidden=\"true\" id=\"CRM\" class=\"wp-block-spacer\"><\/div>\n\n\n\n<p class=\"has-text-align-center has-text-color has-medium-font-size\" style=\"color:#00346a\">\u00bfPreparado? Comienza a digitalizar tu empresa con Gesti\u00f3n 360<\/p>\n\n\n\n<p>                                         <\/p>\n\n\n\n<div class=\"wp-block-columns\">\n<div class=\"wp-block-column\">\n<p class=\"has-text-align-center has-text-color has-medium-font-size\" style=\"color:#00346a\">\u00a1Contacta con nosotros!<\/p>\n\n\n\n<div class=\"wp-block-buttons alignwide is-content-justification-center\">\n<div class=\"wp-block-button has-custom-width wp-block-button__width-25 is-style-outline\"><a class=\"wp-block-button__link has-white-color has-text-color has-background\" href=\"http:\/\/sgesoft.com\/tres60\/index.php\/contacto\/\" style=\"border-radius:50px;background-color:#00346a\">Contactar<\/a><\/div>\n<\/div>\n<\/div>\n<\/div>\n","protected":false},"excerpt":{"rendered":"<p>CRM- Gesti\u00f3n de Clientes Descubre el potencial de CRM 360 y mejora la comunicaci\u00f3n con tus clientes a la vez que potencia tus ventas con una excelente gesti\u00f3n comercial. Clientes y Contactos Realiza el seguimiento al detalle de tus clientes y contactos. Clasif\u00edcalos con las opciones de segmentaci\u00f3n para obtener informes y lanzar campa\u00f1as segmentadas. [&hellip;]<\/p>\n","protected":false},"author":1,"featured_media":0,"parent":1985,"menu_order":0,"comment_status":"closed","ping_status":"closed","template":"","meta":[],"_links":{"self":[{"href":"http:\/\/sgesoft.com\/tres60\/index.php\/wp-json\/wp\/v2\/pages\/2088"}],"collection":[{"href":"http:\/\/sgesoft.com\/tres60\/index.php\/wp-json\/wp\/v2\/pages"}],"about":[{"href":"http:\/\/sgesoft.com\/tres60\/index.php\/wp-json\/wp\/v2\/types\/page"}],"author":[{"embeddable":true,"href":"http:\/\/sgesoft.com\/tres60\/index.php\/wp-json\/wp\/v2\/users\/1"}],"replies":[{"embeddable":true,"href":"http:\/\/sgesoft.com\/tres60\/index.php\/wp-json\/wp\/v2\/comments?post=2088"}],"version-history":[{"count":32,"href":"http:\/\/sgesoft.com\/tres60\/index.php\/wp-json\/wp\/v2\/pages\/2088\/revisions"}],"predecessor-version":[{"id":2271,"href":"http:\/\/sgesoft.com\/tres60\/index.php\/wp-json\/wp\/v2\/pages\/2088\/revisions\/2271"}],"up":[{"embeddable":true,"href":"http:\/\/sgesoft.com\/tres60\/index.php\/wp-json\/wp\/v2\/pages\/1985"}],"wp:attachment":[{"href":"http:\/\/sgesoft.com\/tres60\/index.php\/wp-json\/wp\/v2\/media?parent=2088"}],"curies":[{"name":"wp","href":"https:\/\/api.w.org\/{rel}","templated":true}]}}